{"id":186,"date":"2022-09-15T08:44:55","date_gmt":"2022-09-15T08:44:55","guid":{"rendered":"https:\/\/www.ramamoimos.com\/central\/?page_id=186"},"modified":"2022-09-22T07:30:24","modified_gmt":"2022-09-22T07:30:24","slug":"servicios-a-la-farmacia","status":"publish","type":"page","link":"https:\/\/www.haifaramamoimos.es\/index.php\/ramamoimos-asesoria\/servicios-a-la-farmacia\/","title":{"rendered":"SERVICIOS A LA FARMACIA"},"content":{"rendered":"\n<p><\/p>\n\n\n\n<p>Somos expertos en la gesti\u00f3n contable, fiscal y laboral con m\u00e1s de 40 a\u00f1os dentro del mundo farmac\u00e9utico, de la parafarmacia, ortopedia, herborister\u00eda y medicina.<\/p>\n\n\n\n<p>Despu\u00e9s de tantos a\u00f1os conocemos todos los procesos, los proveedores, los sistemas de venta, particularidades y problemas de un sector muy especial, y somos adaptables a las necesidades de cada profesional.<\/p>\n\n\n\n<p>Tenemos precios adaptados a cada volumen de negocio, ajust\u00e1ndonos a precios competitivos siempre con la gran calidad de servicio que hemos ofrecido en todos estos a\u00f1os y adapt\u00e1ndonos a nuevas formas de trabajar y de comunicarnos con nuestro clientes.<\/p>\n\n\n\n<p>Ofrecemos servicios muy completos a cuotas fijas en las que no deber\u00e1 preocuparse por nada y con servicios anexos como seguros, prevenci\u00f3n de riesgos laborales, abogados, ingenieros, etc. que facilitar\u00e1n los procesos ya que todos est\u00e1n especializados en el sector.<\/p>\n\n\n\n<p>Contacte con nosotros y les ofreceremos un presupuesto sin compromiso con todas sus necesidades a precio justo.<\/p>\n\n\n\n<p><\/p>\n\n\n\n<p>Servicios de contabilidad<\/p>\n\n\n\n<p>Servicio de n\u00f3minas<\/p>\n\n\n\n<p>Contratos<\/p>\n\n\n\n<p>Aperturas, traspasos, compra-venta.<\/p>\n\n\n\n<p>Etc.<\/p>\n\n\n\n<div class=\"wp-block-buttons is-layout-flex wp-block-buttons-is-layout-flex\">\n<div class=\"wp-block-button\"><a class=\"wp-block-button__link\" href=\"https:\/\/www.ramamoimos.com\/central\/index.php\/contacto\/\" target=\"_blank\" rel=\"noreferrer noopener\"><strong>CONTACTO<\/strong><\/a><\/div>\n<\/div>\n","protected":false},"excerpt":{"rendered":"<p>Somos expertos en la gesti\u00f3n contable, fiscal y laboral con m\u00e1s de 40 a\u00f1os dentro del mundo farmac\u00e9utico, de la parafarmacia, ortopedia, herborister\u00eda y medicina. Despu\u00e9s de tantos a\u00f1os conocemos &#8230;<\/p>\n","protected":false},"author":1,"featured_media":0,"parent":116,"menu_order":1,"comment_status":"closed","ping_status":"closed","template":"","meta":{"footnotes":""},"class_list":["post-186","page","type-page","status-publish","hentry"],"_links":{"self":[{"href":"https:\/\/www.haifaramamoimos.es\/index.php\/wp-json\/wp\/v2\/pages\/186","targetHints":{"allow":["GET"]}}],"collection":[{"href":"https:\/\/www.haifaramamoimos.es\/index.php\/wp-json\/wp\/v2\/pages"}],"about":[{"href":"https:\/\/www.haifaramamoimos.es\/index.php\/wp-json\/wp\/v2\/types\/page"}],"author":[{"embeddable":true,"href":"https:\/\/www.haifaramamoimos.es\/index.php\/wp-json\/wp\/v2\/users\/1"}],"replies":[{"embeddable":true,"href":"https:\/\/www.haifaramamoimos.es\/index.php\/wp-json\/wp\/v2\/comments?post=186"}],"version-history":[{"count":3,"href":"https:\/\/www.haifaramamoimos.es\/index.php\/wp-json\/wp\/v2\/pages\/186\/revisions"}],"predecessor-version":[{"id":227,"href":"https:\/\/www.haifaramamoimos.es\/index.php\/wp-json\/wp\/v2\/pages\/186\/revisions\/227"}],"up":[{"embeddable":true,"href":"https:\/\/www.haifaramamoimos.es\/index.php\/wp-json\/wp\/v2\/pages\/116"}],"wp:attachment":[{"href":"https:\/\/www.haifaramamoimos.es\/index.php\/wp-json\/wp\/v2\/media?parent=186"}],"curies":[{"name":"wp","href":"https:\/\/api.w.org\/{rel}","templated":true}]}}