{"id":201,"date":"2022-09-15T09:35:10","date_gmt":"2022-09-15T09:35:10","guid":{"rendered":"https:\/\/www.ramamoimos.com\/central\/?page_id=201"},"modified":"2023-05-25T06:21:14","modified_gmt":"2023-05-25T06:21:14","slug":"gestion-laboral","status":"publish","type":"page","link":"https:\/\/www.haifaramamoimos.es\/index.php\/gestion-laboral\/","title":{"rendered":"GESTI\u00d3N LABORAL"},"content":{"rendered":"\n<p><\/p>\n\n\n\n<p>Los servicios profesionales de la Asesor\u00eda Laboral van dirigidos al correcto y exhaustivo cumplimiento de las obligaciones normativas del Trabajo y de la Seguridad Social, as\u00ed como la gesti\u00f3n y administraci\u00f3n de los Recursos Humanos.<\/p>\n\n\n\n<p><br>Optimizaci\u00f3n de la citada gesti\u00f3n a favor de nuestros clientes, aplicando todas las ventajas legales que la vigente normativa determina<\/p>\n\n\n\n<p>En definitiva, nuestro objeto es la asesor\u00eda, consultor\u00eda, gesti\u00f3n y tramitaci\u00f3n de todos los aspectos legales y administrativos integrados en el amplio campo del Derecho Social.<\/p>\n\n\n\n<ul class=\"wp-block-list\"><li><strong>Elaboraci\u00f3n de Contratos de trabajo<\/strong> y su comunicaci\u00f3n a la Base de Datos del Servicio P\u00fablico de Empleo.<\/li><li><strong>Servicio de Asesor\u00eda Laboral<\/strong> en el planteamiento de la mejor opci\u00f3n contractual a realizar, garantizando la aplicaci\u00f3n de las bonificaciones que legalmente correspondan.<\/li><li><strong>Comunicaci\u00f3n en la Seguridad Social<\/strong> de cualquier variaci\u00f3n, alta y\/o baja de sus empleados.<\/li><li><strong>Confecci\u00f3n de Nominas<\/strong> (recibos salariales) de acuerdo a sus instrucciones y a la normativa sectorial especifica aplicable.<\/li><li><strong>Preparaci\u00f3n y Tramitaci\u00f3n<\/strong> :<ul><li>Boletines de cotizaci\u00f3n a la Seguridad Social (<strong>TC<\/strong>),<\/li><li>Saldos acreedores,<\/li><li>Ingreso de las cuotas mediante domiciliaci\u00f3n en cuenta o pago electr\u00f3nico<\/li><li>Aplazamientos de cuotas o<\/li><li>Recursos por reclamaciones de deudas.<\/li><\/ul><\/li><li><strong>Tramitaci\u00f3n de partes de alta y baja m\u00e9dica de AT y EP<\/strong>, as\u00ed como los partes de confirmaci\u00f3n, al Instituto Nacional de la Seguridad, por\u00a0contingencias comunes, profesionales.<\/li><li><strong>Seguimiento\u00a0de las bajas<\/strong> por enfermedad, accidente y absentismo de su plantilla.<\/li><li><strong>Asesoramiento\u00a0en el correcto encuadramiento de los socios y administradores <\/strong>\u00a0(Aut\u00f3nomos, \u00a0\u00a0R\u00e9gimen General y General Asimilado).<\/li><li><strong>Confecci\u00f3n de solicitudes <\/strong>:<ul><li>Pensiones de la Seguridad Social, jubilaciones, prejubilaciones, jubilaci\u00f3n parcial,<\/li><li>Incapacidades<\/li><li>Prestaciones por desempleo.<\/li><\/ul><\/li><li><strong>Confecci\u00f3n de impuestos<\/strong>\u00a0y aplicaci\u00f3n de retenciones correspondientes al Impuesto Sobre la Renta de las Personas F\u00edsicas.<\/li><li><strong>Evaluaci\u00f3n de costes salariales<\/strong>, presupuestos, simulaciones por cambios en n\u00f3minas, incrementos de IPC o c\u00e1lculo de atrasos.<\/li><li><strong>Comparecemos ante la Inspecci\u00f3n de Trabajo<\/strong>, preparando toda la documentaci\u00f3n solicitada y haciendo un seguimiento de todo el proceso.<\/li><li><strong>Colaboraci\u00f3n para el cumplimiento\u00a0de Prevenci\u00f3n de Riesgos Laborales.<\/strong> acceder al enlace<\/li><li><strong><em>Auditor\u00eda Laboral<\/em><\/strong>:  <a href=\"https:\/\/www.ramamoimos.com\/central\/index.php\/auditoria-laboral\/\" data-type=\"page\" data-id=\"204\">acceder al enlace<\/a><\/li><li><strong>Retribuci\u00f3n FLEXIBLE (en especie)<\/strong>  <a href=\"https:\/\/www.ramamoimos.com\/central\/index.php\/gestion-laboral\/retribucion-flexible\/\" data-type=\"page\" data-id=\"212\">acceder al enlace<\/a><\/li><li><strong><em>Plataforma empleados<\/em><\/strong>.<\/li><\/ul>\n\n\n\n<div class=\"wp-block-buttons is-layout-flex wp-block-buttons-is-layout-flex\">\n<div class=\"wp-block-button\"><a class=\"wp-block-button__link\" href=\"https:\/\/www.ramamoimos.com\/central\/index.php\/contacto\/\" target=\"_blank\" rel=\"noreferrer noopener\"><strong>CONTACTO<\/strong><\/a><\/div>\n<\/div>\n","protected":false},"excerpt":{"rendered":"<p>Los servicios profesionales de la Asesor\u00eda Laboral van dirigidos al correcto y exhaustivo cumplimiento de las obligaciones normativas del Trabajo y de la Seguridad Social, as\u00ed como la gesti\u00f3n y &#8230;<\/p>\n","protected":false},"author":1,"featured_media":0,"parent":0,"menu_order":0,"comment_status":"closed","ping_status":"closed","template":"","meta":{"footnotes":""},"class_list":["post-201","page","type-page","status-publish","hentry"],"_links":{"self":[{"href":"https:\/\/www.haifaramamoimos.es\/index.php\/wp-json\/wp\/v2\/pages\/201","targetHints":{"allow":["GET"]}}],"collection":[{"href":"https:\/\/www.haifaramamoimos.es\/index.php\/wp-json\/wp\/v2\/pages"}],"about":[{"href":"https:\/\/www.haifaramamoimos.es\/index.php\/wp-json\/wp\/v2\/types\/page"}],"author":[{"embeddable":true,"href":"https:\/\/www.haifaramamoimos.es\/index.php\/wp-json\/wp\/v2\/users\/1"}],"replies":[{"embeddable":true,"href":"https:\/\/www.haifaramamoimos.es\/index.php\/wp-json\/wp\/v2\/comments?post=201"}],"version-history":[{"count":6,"href":"https:\/\/www.haifaramamoimos.es\/index.php\/wp-json\/wp\/v2\/pages\/201\/revisions"}],"predecessor-version":[{"id":230,"href":"https:\/\/www.haifaramamoimos.es\/index.php\/wp-json\/wp\/v2\/pages\/201\/revisions\/230"}],"wp:attachment":[{"href":"https:\/\/www.haifaramamoimos.es\/index.php\/wp-json\/wp\/v2\/media?parent=201"}],"curies":[{"name":"wp","href":"https:\/\/api.w.org\/{rel}","templated":true}]}}