{"id":242,"date":"2022-09-22T10:38:48","date_gmt":"2022-09-22T10:38:48","guid":{"rendered":"https:\/\/www.ramamoimos.com\/central\/?page_id=242"},"modified":"2023-05-25T06:15:20","modified_gmt":"2023-05-25T06:15:20","slug":"asesoria-fiscal","status":"publish","type":"page","link":"https:\/\/www.haifaramamoimos.es\/index.php\/asesoria-fiscal\/","title":{"rendered":"ASESORIA FISCAL"},"content":{"rendered":"\n<p><\/p>\n\n\n\n<p>La asesor\u00eda fiscal est\u00e1 centrada en ayudar al cliente a cumplir con sus obligaciones tributarias, tanto materiales (pago de impuestos), como formales (obligaciones de informaci\u00f3n a la AEAT), asesor\u00e1ndole en todo momento para <strong>buscar el mayor ahorro fiscal posible<\/strong>, siempre dentro de la legalidad y el marco normativo vigente.<\/p>\n\n\n\n<p>Por tanto, <strong>el asesor fiscal debe estar en constante formaci\u00f3n<\/strong> para conocer al detalle todas las normativas tributarias y sus implicaciones legales, ya que el cumplimiento legal debe estar siempre por encima del ahorro para evitar sanciones. En definitiva, se debe aportar la tranquilidad necesaria al cliente conjugando los dos factores fiscales principales: ahorro y cumplimiento de la legalidad.<\/p>\n\n\n\n<p><\/p>\n\n\n\n<p>Asesoramos en materia fiscal tanto a <strong>empresas grandes y peque\u00f1as (pymes), como a empresas internacionales<\/strong> que vayan a asentarse en Espa\u00f1a, otros despachos profesionales, o <strong>incluso a particulares en cuanto a la gesti\u00f3n de su patrimonio personal y la planificaci\u00f3n fiscal familiar.<\/strong><\/p>\n\n\n\n<h3 class=\"wp-block-heading\">Asesor\u00eda Fiscal a Empresas<\/h3>\n\n\n\n<p>Garantizamos el cumplimiento de la legalidad en materia fiscal y analizamos las variaciones de las normas y su aplicaci\u00f3n a cada caso.<\/p>\n\n\n\n<h3 class=\"wp-block-heading\">Asesor\u00eda Fiscal a Entidades Internacionales que desean abrir mercado en Espa\u00f1a<\/h3>\n\n\n\n<p>Muchas sociedades extranjeras desean abrir mercado en Espa\u00f1a. <strong>Les ayudamos a realizar una planificaci\u00f3n y seguimiento<\/strong> de sus proyectos, desde la creaci\u00f3n de los establecimientos permanentes hasta su seguimiento y reporte a la sociedad matriz.<\/p>\n\n\n\n<h3 class=\"wp-block-heading\">Asesor\u00eda Fiscal a Particulares<\/h3>\n\n\n\n<p>Asesoramiento en cuantos asuntos o negocios puedan llevar a cabo los particulares y que conlleven connotaciones de tipo fiscal.<\/p>\n\n\n\n<p>Especialmente centramos nuestro trabajo en el an\u00e1lisis y composici\u00f3n de patrimonios personales, su reestructuraci\u00f3n y la planificaci\u00f3n fiscal familiar.<\/p>\n\n\n\n<h3 class=\"wp-block-heading\">Asistencia y Defensa ante la Inspecci\u00f3n Tributaria<\/h3>\n\n\n\n<p>Representaci\u00f3n de nuestros clientes ante la Inspecci\u00f3n Tributaria y la defensa de sus intereses ante los tribunales cuando se requiera.<\/p>\n\n\n\n<div class=\"wp-block-buttons is-layout-flex wp-block-buttons-is-layout-flex\">\n<div class=\"wp-block-button\"><a class=\"wp-block-button__link wp-element-button\" href=\"https:\/\/www.ramamoimos.com\/central\/index.php\/contacto\/\" target=\"_blank\" rel=\"noreferrer noopener\">CONTACTA<\/a><\/div>\n<\/div>\n","protected":false},"excerpt":{"rendered":"<p>La asesor\u00eda fiscal est\u00e1 centrada en ayudar al cliente a cumplir con sus obligaciones tributarias, tanto materiales (pago de impuestos), como formales (obligaciones de informaci\u00f3n a la AEAT), asesor\u00e1ndole en &#8230;<\/p>\n","protected":false},"author":1,"featured_media":0,"parent":0,"menu_order":0,"comment_status":"closed","ping_status":"closed","template":"","meta":{"footnotes":""},"class_list":["post-242","page","type-page","status-publish","hentry"],"_links":{"self":[{"href":"https:\/\/www.haifaramamoimos.es\/index.php\/wp-json\/wp\/v2\/pages\/242","targetHints":{"allow":["GET"]}}],"collection":[{"href":"https:\/\/www.haifaramamoimos.es\/index.php\/wp-json\/wp\/v2\/pages"}],"about":[{"href":"https:\/\/www.haifaramamoimos.es\/index.php\/wp-json\/wp\/v2\/types\/page"}],"author":[{"embeddable":true,"href":"https:\/\/www.haifaramamoimos.es\/index.php\/wp-json\/wp\/v2\/users\/1"}],"replies":[{"embeddable":true,"href":"https:\/\/www.haifaramamoimos.es\/index.php\/wp-json\/wp\/v2\/comments?post=242"}],"version-history":[{"count":2,"href":"https:\/\/www.haifaramamoimos.es\/index.php\/wp-json\/wp\/v2\/pages\/242\/revisions"}],"predecessor-version":[{"id":339,"href":"https:\/\/www.haifaramamoimos.es\/index.php\/wp-json\/wp\/v2\/pages\/242\/revisions\/339"}],"wp:attachment":[{"href":"https:\/\/www.haifaramamoimos.es\/index.php\/wp-json\/wp\/v2\/media?parent=242"}],"curies":[{"name":"wp","href":"https:\/\/api.w.org\/{rel}","templated":true}]}}